{"id":51,"date":"2021-08-27T14:30:45","date_gmt":"2021-08-27T14:30:45","guid":{"rendered":"http:\/\/biosferaeduca.com\/podagorg\/?page_id=51"},"modified":"2021-09-28T16:07:59","modified_gmt":"2021-09-28T16:07:59","slug":"cambio-climatico-y-mortalidades-en-masa-de-gorgonias","status":"publish","type":"page","link":"http:\/\/biosferaeduca.com\/podagorg\/cambio-climatico-y-mortalidades-en-masa-de-gorgonias\/","title":{"rendered":"Cambio clim\u00e1tico y mortalidades en masa de gorgonias"},"content":{"rendered":"<p>[et_pb_section fb_built=\u00bb1&#8243; custom_padding_last_edited=\u00bbon|phone\u00bb admin_label=\u00bbFullwidth Image\u00bb _builder_version=\u00bb4.10.4&#8243; custom_padding=\u00bb39px|0px|110px|0px||\u00bb custom_padding_tablet=\u00bb||58px||false|false\u00bb custom_padding_phone=\u00bb\u00bb global_colors_info=\u00bb{}\u00bb][et_pb_row _builder_version=\u00bb3.25&#8243; background_size=\u00bbinitial\u00bb background_position=\u00bbtop_left\u00bb background_repeat=\u00bbrepeat\u00bb global_colors_info=\u00bb{}\u00bb][et_pb_column type=\u00bb4_4&#8243; _builder_version=\u00bb3.25&#8243; custom_padding=\u00bb|||\u00bb global_colors_info=\u00bb{}\u00bb custom_padding__hover=\u00bb|||\u00bb][et_pb_text admin_label=\u00bbTitle\u00bb _builder_version=\u00bb4.10.4&#8243; text_font=\u00bbMontserrat||||||||\u00bb text_text_color=\u00bb#747d88&#8243; text_font_size=\u00bb16px\u00bb text_line_height=\u00bb1.9em\u00bb header_font=\u00bbMontserrat|800||on|||||\u00bb header_font_size=\u00bb34px\u00bb header_2_font=\u00bbMontserrat|700||on|||||\u00bb header_2_font_size=\u00bb23px\u00bb header_2_line_height=\u00bb1.3em\u00bb text_orientation=\u00bbcenter\u00bb max_width=\u00bb722px\u00bb module_alignment=\u00bbcenter\u00bb custom_margin=\u00bb||5px|||\u00bb animation_style=\u00bbslide\u00bb animation_direction=\u00bbbottom\u00bb animation_intensity_slide=\u00bb4%\u00bb locked=\u00bboff\u00bb global_colors_info=\u00bb{}\u00bb]<\/p>\n<h1>Cambio clim\u00e1tico y mortalidades en masa de gorgonias<\/h1>\n<p>[\/et_pb_text][et_pb_text _builder_version=\u00bb4.10.4&#8243; text_font=\u00bbMontserrat||||\u00bb text_text_color=\u00bb#747d88&#8243; text_font_size=\u00bb16px\u00bb text_line_height=\u00bb1.8em\u00bb header_font=\u00bb||||||||\u00bb text_orientation=\u00bbcenter\u00bb max_width=\u00bb1080px\u00bb module_alignment=\u00bbcenter\u00bb custom_margin=\u00bb|||\u00bb animation_style=\u00bbslide\u00bb animation_direction=\u00bbbottom\u00bb animation_delay=\u00bb100ms\u00bb animation_intensity_slide=\u00bb4%\u00bb global_colors_info=\u00bb{}\u00bb]<\/p>\n<p>La gorgonia roja <em>Paramuricea clavata<\/em> y la gorgonia blanca <em>Eunicella singularis<\/em> son especies clave del ecosistema del coral\u00edgeno que est\u00e1n amenazadas debido a los recurrentes episodios de mortalidad en masa ligados al calentamiento del agua del mar durante el periodo estival. <strong>Las gorgonias han sufrido diversos eventos de mortalidad en masa en el litoral mediterr\u00e1neo espa\u00f1ol, caracterizados por afectar poblaciones enteras<\/strong> que han perdido gran parte del tejido blando de color viol\u00e1ceo-amarillo en <em>P. clavata<\/em>, y de color blanco en <em>E. singularis<\/em>, que recubre los esqueletos de las ramas. Con el paso del tiempo, estas ramas de las gorgonias desprovistas de tejido blando son recubiertas por organismos ep\u00edfitos.<\/p>\n<p>[\/et_pb_text][\/et_pb_column][\/et_pb_row][\/et_pb_section][et_pb_section fb_built=\u00bb1&#8243; custom_padding_last_edited=\u00bbon|phone\u00bb admin_label=\u00bbText and Image\u00bb _builder_version=\u00bb4.10.4&#8243; background_color=\u00bb#f7f7f7&#8243; custom_padding=\u00bb110px|0px|110px|0px\u00bb custom_padding_tablet=\u00bb56px||56px||true|false\u00bb custom_padding_phone=\u00bb\u00bb global_colors_info=\u00bb{}\u00bb][et_pb_row column_structure=\u00bb1_3,2_3&#8243; _builder_version=\u00bb4.10.4&#8243; background_size=\u00bbinitial\u00bb background_position=\u00bbtop_left\u00bb background_repeat=\u00bbrepeat\u00bb width=\u00bb100%\u00bb width_tablet=\u00bb80%\u00bb width_phone=\u00bb80%\u00bb width_last_edited=\u00bbon|tablet\u00bb max_width=\u00bb1280px\u00bb max_width_tablet=\u00bb\u00bb max_width_phone=\u00bb\u00bb max_width_last_edited=\u00bbon|tablet\u00bb global_colors_info=\u00bb{}\u00bb][et_pb_column type=\u00bb1_3&#8243; _builder_version=\u00bb3.25&#8243; custom_padding=\u00bb|||\u00bb global_colors_info=\u00bb{}\u00bb custom_padding__hover=\u00bb|||\u00bb][et_pb_text _builder_version=\u00bb4.10.4&#8243; text_font=\u00bbMontserrat||||\u00bb text_text_color=\u00bb#747d88&#8243; text_font_size=\u00bb16px\u00bb text_line_height=\u00bb1.8em\u00bb header_font=\u00bb||||||||\u00bb text_orientation=\u00bbcenter\u00bb max_width=\u00bb1080px\u00bb module_alignment=\u00bbcenter\u00bb custom_margin=\u00bb|||\u00bb animation_style=\u00bbslide\u00bb animation_direction=\u00bbbottom\u00bb animation_delay=\u00bb100ms\u00bb animation_intensity_slide=\u00bb4%\u00bb global_colors_info=\u00bb{}\u00bb]<\/p>\n<p style=\"text-align: left;\">Durante las dos \u00faltimas d\u00e9cadas, las mortalidades han afectado los bosques de gorgonias del Mediterr\u00e1neo occidental, destacando los episodios de los a\u00f1os 1999, 2003, 2009, 2011 y 2018. <strong>El alargamiento an\u00f3malo de las condiciones estivales del agua del mar<\/strong>, caracterizadas por una termoclina que delimita unas aguas superficiales pobres en plancton, el alimento principal para los suspens\u00edvoros bent\u00f3nicos como las gorgonias, y una temperatura elevada, pueden causar mortalidad si la termoclina se sit\u00faa por debajo de la profundidad donde viven estos organismos durante m\u00e1s tiempo de lo habitual. <strong>El l\u00edmite superficial de distribuci\u00f3n de las poblaciones de gorgonias es donde primero se observan los efectos de los episodios de mortalidad en masa<\/strong>, debido a la mayor exposici\u00f3n temporal de las comunidades en la zona superior de la termoclina durante el periodo post-estival.<\/p>\n<p>[\/et_pb_text][\/et_pb_column][et_pb_column type=\u00bb2_3&#8243; _builder_version=\u00bb3.25&#8243; custom_padding=\u00bb|||\u00bb global_colors_info=\u00bb{}\u00bb custom_padding__hover=\u00bb|||\u00bb][et_pb_image src=\u00bbhttp:\/\/biosferaeduca.com\/podagorg\/wp-content\/uploads\/2021\/08\/4.jpg\u00bb title_text=\u00bb4&#8243; force_fullwidth=\u00bbon\u00bb align_tablet=\u00bbcenter\u00bb align_phone=\u00bb\u00bb align_last_edited=\u00bbon|desktop\u00bb _builder_version=\u00bb4.10.4&#8243; animation_style=\u00bbslide\u00bb animation_direction=\u00bbright\u00bb animation_intensity_slide=\u00bb10%\u00bb global_colors_info=\u00bb{}\u00bb][\/et_pb_image][et_pb_text _builder_version=\u00bb4.10.4&#8243; _module_preset=\u00bbdefault\u00bb text_line_height=\u00bb1.1em\u00bb locked=\u00bboff\u00bb global_colors_info=\u00bb{}\u00bb]<\/p>\n<p class=\"x_MsoNormal\"><span><b>Fotograf\u00edas de las poblaciones de gorgonias afectadas por mortalidad parcial el a\u00f1o 2018 en la Reserva <\/b><\/span><b><span>Marina de Cabo de Palos-Islas Hormigas.<\/span><\/b><span><span class=\"x_gmail-Apple-converted-space\">\u00a0<\/span><b>a,b<\/b><span class=\"x_gmail-Apple-converted-space\">\u00a0<\/span>Gorgonia roja<span class=\"x_gmail-Apple-converted-space\">\u00a0<\/span><i>Paramuricea clavata.\u00a0<\/i><\/span><b>c,d<\/b><span class=\"x_gmail-Apple-converted-space\">\u00a0<\/span>Gorgonia<span>\u00a0blanca<\/span><span class=\"x_gmail-Apple-converted-space\">\u00a0<\/span><i>Eunicella singularis.<\/i><\/p>\n<p>[\/et_pb_text][\/et_pb_column][\/et_pb_row][\/et_pb_section][et_pb_section fb_built=\u00bb1&#8243; custom_padding_last_edited=\u00bbon|phone\u00bb admin_label=\u00bbImage and Text\u00bb _builder_version=\u00bb4.10.4&#8243; background_color=\u00bb#ffffff\u00bb custom_padding=\u00bb110px|0px|110px|0px|true\u00bb custom_padding_tablet=\u00bb44px||44px||true|false\u00bb custom_padding_phone=\u00bb\u00bb global_colors_info=\u00bb{}\u00bb][et_pb_row _builder_version=\u00bb4.10.4&#8243; background_size=\u00bbinitial\u00bb background_position=\u00bbtop_left\u00bb background_repeat=\u00bbrepeat\u00bb global_colors_info=\u00bb{}\u00bb][et_pb_column type=\u00bb4_4&#8243; _builder_version=\u00bb3.25&#8243; custom_padding=\u00bb|||\u00bb global_colors_info=\u00bb{}\u00bb custom_padding__hover=\u00bb|||\u00bb][et_pb_text _builder_version=\u00bb4.10.4&#8243; _module_preset=\u00bbdefault\u00bb text_font=\u00bbMontserrat||||\u00bb text_text_color=\u00bb#747d88&#8243; text_font_size=\u00bb16px\u00bb text_line_height=\u00bb1.8em\u00bb header_font=\u00bb||||||||\u00bb text_orientation=\u00bbcenter\u00bb max_width=\u00bb1080px\u00bb module_alignment=\u00bbcenter\u00bb custom_margin=\u00bb|||\u00bb animation_style=\u00bbslide\u00bb animation_direction=\u00bbbottom\u00bb animation_delay=\u00bb100ms\u00bb animation_intensity_slide=\u00bb4%\u00bb global_colors_info=\u00bb{}\u00bb]<\/p>\n<p style=\"text-align: left;\">Para <strong>entender los efectos del cambio clim\u00e1tico sobre las poblaciones de gorgonias<\/strong>, y para <strong>valorar los beneficios de la t\u00e9cnica de poda de las ramas muertas de las gorgonias como herramienta de gesti\u00f3n<\/strong> para su conservaci\u00f3n, el proyecto PODAGORG ha trabajado a lo largo de un gradiente latitudinal en el litoral mediterr\u00e1neo espa\u00f1ol: en el Parque Natural de El Montgr\u00ed, las Islas Medas y el Bajo Ter (Catalu\u00f1a), y en la Reserva Marina de Cabo de Palos-Islas Hormigas (Murcia). En ambas reservas marinas se han realizado campa\u00f1as cient\u00edficas durante los a\u00f1os 2019 y 2021, abordando los siguientes dos objetivos espec\u00edficos y acciones:<\/p>\n<p style=\"text-align: left;\">\n<ul>\n<li style=\"text-align: left;\"><span style=\"font-size: 16px;\"><strong>Conocer el impacto del calentamiento extremo del agua del mar en verano 2018 sobre los bosques de gorgonias y su evoluci\u00f3n temporal<\/strong>. Caracterizaci\u00f3n espacio-temporal del impacto del episodio de mortalidad del verano de 2018 en las poblaciones de gorgonias <em>Eunicella singularis<\/em> y <em>Paramuricea clavata<\/em> del litoral mediterr\u00e1neo espa\u00f1ol. Se ha realizado un estudio demogr\u00e1fico de las 2 especies de gorgonias mediante el uso de cuadros al azar, a lo largo de su gradiente batim\u00e9trico de distribuci\u00f3n (l\u00edmites de distribuci\u00f3n superficial y profundo: ~10-40 m de profundidad), y en diversas localidades dentro de cada reserva marina, en los a\u00f1os 2019 y 2021. Los datos demogr\u00e1ficos de las poblaciones de gorgonias obtenidos han sido la densidad, estructura de tama\u00f1os, biomasa (fracci\u00f3n viva y muerta), incidencia de mortalidad total, incidencia de mortalidad parcial (zona de afectaci\u00f3n: basal, media y\/o apical, y tipos de ep\u00edfitos en las ramas muertas).<\/span><\/li>\n<\/ul>\n<p><span style=\"font-size: 16px;\"><\/span><\/p>\n<ul>\n<li style=\"text-align: left;\"><strong>An\u00e1lisis hist\u00f3rico de la temperatura del agua del mar en un gradiente batim\u00e9trico<\/strong>. La finalidad de esta acci\u00f3n es describir el r\u00e9gimen t\u00e9rmico anual de las 2 reservas marinas de estudio, como factor principal causante de la mortalidad de gorgonias, mediante el an\u00e1lisis de las series hist\u00f3ricas de registro de temperatura. Durante la vigencia del proyecto PODAGORG (2019-2021), los datos de temperatura se han obtenido con sensores de temperatura de registro continuo (1 lectura\/hora) instalados <em>in situ<\/em> a lo largo del gradiente batim\u00e9trico de distribuci\u00f3n de las gorgonias (l\u00edmites de distribuci\u00f3n superficial y profundo: ~10-40 m de profundidad). Se ha analizado estad\u00edsticamente la variaci\u00f3n temporal de la temperatura del agua del mar, estimando los principales descriptores del r\u00e9gimen t\u00e9rmico de la columna de agua: temperatura promedio mensual y anual, y la variabilidad en la temperatura durante el per\u00edodo estival (junio-setiembre) en las series hist\u00f3ricas.<\/li>\n<\/ul>\n<p>[\/et_pb_text][et_pb_text admin_label=\u00bbTitle\u00bb _builder_version=\u00bb4.10.4&#8243; text_font=\u00bbMontserrat||||||||\u00bb text_text_color=\u00bb#747d88&#8243; text_font_size=\u00bb16px\u00bb text_line_height=\u00bb1.9em\u00bb header_font=\u00bb||||||||\u00bb header_2_font=\u00bbMontserrat|700||on|||||\u00bb header_2_font_size=\u00bb23px\u00bb header_2_line_height=\u00bb1.3em\u00bb text_orientation=\u00bbcenter\u00bb max_width=\u00bb1080px\u00bb module_alignment=\u00bbcenter\u00bb custom_margin=\u00bb92px|||||\u00bb animation_style=\u00bbslide\u00bb animation_direction=\u00bbbottom\u00bb animation_intensity_slide=\u00bb4%\u00bb locked=\u00bboff\u00bb global_colors_info=\u00bb{}\u00bb]<\/p>\n<h2>INFORMES CIENT\u00cdFICO-T\u00c9CNICOS<\/h2>\n<p>[\/et_pb_text][\/et_pb_column][\/et_pb_row][et_pb_row column_structure=\u00bb1_4,1_4,1_4,1_4&#8243; use_custom_gutter=\u00bbon\u00bb gutter_width=\u00bb2&#8243; make_equal=\u00bbon\u00bb admin_label=\u00bbServices\u00bb _builder_version=\u00bb4.10.8&#8243; max_width=\u00bb80%\u00bb custom_margin=\u00bb|auto|48px|auto||\u00bb custom_padding=\u00bb25px||25px|\u00bb hover_enabled=\u00bb0&#8243; use_custom_width=\u00bbon\u00bb width_unit=\u00bboff\u00bb locked=\u00bboff\u00bb global_colors_info=\u00bb{}\u00bb sticky_enabled=\u00bb0&#8243;][et_pb_column type=\u00bb1_4&#8243; _builder_version=\u00bb4.10.8&#8243; custom_padding=\u00bb|||\u00bb link_option_url=\u00bbhttp:\/\/biosferaeduca.com\/podagorg\/wp-content\/uploads\/2021\/08\/Serrano-et-al.-2019a.-Informe-gorgonias-Illes-Medes-Campan\u0303a-2019.pdf\u00bb link_option_url_new_window=\u00bbon\u00bb hover_enabled=\u00bb0&#8243; global_colors_info=\u00bb{}\u00bb custom_padding__hover=\u00bb|||\u00bb sticky_enabled=\u00bb0&#8243;][et_pb_blurb title=\u00bbSeguimiento Parc Natural de El Montgr\u00ed, les Illes Medes i el Baix Ter 2019&#8243; use_icon=\u00bbon\u00bb font_icon=\u00bb%%72%%\u00bb icon_color=\u00bb#001f4f\u00bb use_icon_font_size=\u00bbon\u00bb icon_font_size=\u00bb60px\u00bb _builder_version=\u00bb4.10.4&#8243; header_font=\u00bbMontserrat|on|||\u00bb header_text_color=\u00bb#353740&#8243; header_font_size=\u00bb22px\u00bb header_line_height=\u00bb1.4em\u00bb body_font=\u00bbMontserrat||||\u00bb body_text_color=\u00bb#747d88&#8243; body_font_size=\u00bb16px\u00bb body_line_height=\u00bb1.8em\u00bb text_orientation=\u00bbcenter\u00bb custom_padding=\u00bb30px|30px|30px|30px\u00bb animation_style=\u00bbzoom\u00bb border_width_all=\u00bb0px\u00bb border_color_all=\u00bb#dddddd\u00bb border_style_all=\u00bbsolid\u00bb use_border_color=\u00bbon\u00bb border_color=\u00bb#dddddd\u00bb global_colors_info=\u00bb{}\u00bb]<\/p>\n<p>Serrano E, Mas G, Bolivar M, Coma R (2019a) <strong>Seguimiento de las poblaciones de la gorgonia roja (<em>Paramuricea clavata<\/em>) y de la gorgonia blanca (<em>Eunicella singularis<\/em>) en el Parc Natural de El Montgr\u00ed, les Illes Medes i el Baix Ter, Memoria 2019<\/strong>. BIOSFERA Associaci\u00f3 d\u2019Educaci\u00f3 Ambiental. Fundaci\u00f3n Biodiversidad &#8211; Ministerio para la Transici\u00f3n Ecol\u00f3gica y el Reto Demogr\u00e1fico, Centro de Estudios Avanzados de Blanes &#8211; Consejo Superior de Investigaciones Cient\u00edficas. 24 pp.<\/p>\n<p>[\/et_pb_blurb][\/et_pb_column][et_pb_column type=\u00bb1_4&#8243; _builder_version=\u00bb4.10.4&#8243; custom_padding=\u00bb|||\u00bb link_option_url=\u00bbhttp:\/\/biosferaeduca.com\/podagorg\/wp-content\/uploads\/2021\/08\/Serrano-et-al.-2019b.-Informe-gorgonias-Islas-Hormigas-Campan\u0303a-2019.pdf\u00bb link_option_url_new_window=\u00bbon\u00bb global_colors_info=\u00bb{}\u00bb custom_padding__hover=\u00bb|||\u00bb][et_pb_blurb title=\u00bbSeguimiento poblaciones Cabo de Palos \u2013 Islas Hormigas 2019 \u00bb use_icon=\u00bbon\u00bb font_icon=\u00bb%%72%%\u00bb icon_color=\u00bb#001f4f\u00bb use_icon_font_size=\u00bbon\u00bb icon_font_size=\u00bb60px\u00bb _builder_version=\u00bb4.10.8&#8243; header_font=\u00bbMontserrat|on|||\u00bb header_text_color=\u00bb#353740&#8243; header_font_size=\u00bb22px\u00bb header_line_height=\u00bb1.4em\u00bb body_font=\u00bbMontserrat||||\u00bb body_text_color=\u00bb#747d88&#8243; body_font_size=\u00bb16px\u00bb body_line_height=\u00bb1.8em\u00bb text_orientation=\u00bbcenter\u00bb custom_padding=\u00bb30px|30px|30px|30px\u00bb animation_style=\u00bbzoom\u00bb hover_enabled=\u00bb0&#8243; border_width_all=\u00bb0px\u00bb border_color_all=\u00bb#dddddd\u00bb border_style_all=\u00bbsolid\u00bb use_border_color=\u00bbon\u00bb border_color=\u00bb#dddddd\u00bb global_colors_info=\u00bb{}\u00bb sticky_enabled=\u00bb0&#8243;]<\/p>\n<p>Serrano E, Mas G, Bolivar M, Calv\u00edn JC, Coma R (2019b) <strong>Seguimiento de las poblaciones de la gorgonia roja (<em>Paramuricea clavata<\/em>) y de la gorgonia blanca (<em>Eunicella singularis<\/em>) en la Reserva Marina de Cabo de Palos \u2013 Islas Hormigas, Memoria 2019<\/strong>. BIOSFERA Associaci\u00f3 d\u2019Educaci\u00f3 Ambiental. Fundaci\u00f3n Biodiversidad &#8211; Ministerio para la Transici\u00f3n Ecol\u00f3gica y el Reto Demogr\u00e1fico, Centro de Estudios Avanzados de Blanes &#8211; Consejo Superior de Investigaciones Cient\u00edficas. 22 pp<\/p>\n<p>[\/et_pb_blurb][\/et_pb_column][et_pb_column type=\u00bb1_4&#8243; _builder_version=\u00bb4.10.8&#8243; custom_padding=\u00bb|||\u00bb hover_enabled=\u00bb0&#8243; global_colors_info=\u00bb{}\u00bb custom_padding__hover=\u00bb|||\u00bb link_option_url=\u00bbhttp:\/\/biosferaeduca.com\/podagorg\/wp-content\/uploads\/2021\/09\/Serrano-et-al.-2021a.-Informe-gorgonias-Illes-Medes-PODAGORG-Campana-2021.pdf\u00bb link_option_url_new_window=\u00bbon\u00bb sticky_enabled=\u00bb0&#8243;][et_pb_blurb title=\u00bbSeguimiento Parc Natural de El Montgr\u00ed, les Illes Medes i el Baix Ter 2019-2021&#8243; use_icon=\u00bbon\u00bb font_icon=\u00bb%%72%%\u00bb icon_color=\u00bb#001f4f\u00bb use_icon_font_size=\u00bbon\u00bb icon_font_size=\u00bb60px\u00bb _builder_version=\u00bb4.10.8&#8243; header_font=\u00bbMontserrat|on|||\u00bb header_text_color=\u00bb#353740&#8243; header_font_size=\u00bb22px\u00bb header_line_height=\u00bb1.4em\u00bb body_font=\u00bbMontserrat||||\u00bb body_text_color=\u00bb#747d88&#8243; body_font_size=\u00bb16px\u00bb body_line_height=\u00bb1.8em\u00bb text_orientation=\u00bbcenter\u00bb custom_padding=\u00bb30px|30px|30px|30px\u00bb animation_style=\u00bbzoom\u00bb hover_enabled=\u00bb0&#8243; border_width_all=\u00bb0px\u00bb border_color_all=\u00bb#dddddd\u00bb border_style_all=\u00bbsolid\u00bb use_border_color=\u00bbon\u00bb border_color=\u00bb#dddddd\u00bb global_colors_info=\u00bb{}\u00bb url_new_window=\u00bbon\u00bb sticky_enabled=\u00bb0&#8243;]<\/p>\n<p>Serrano E, Mas G, Bolivar M, Ribes M, Coma R (2021a) <strong>Seguimiento de las poblaciones de la gorgonia roja (<em>Paramuricea clavata<\/em>) y de la gorgonia blanca (<em>Eunicella singularis<\/em>) en el Parc Natural de El Montgr\u00ed, les Illes Medes i el Baix Ter, a\u00f1os 2019 y 2021<\/strong>. BIOSFERA Associaci\u00f3 d\u2019Educaci\u00f3 Ambiental. Fundaci\u00f3n Biodiversidad &#8211; Ministerio para la Transici\u00f3n Ecol\u00f3gica y el Reto Demogr\u00e1fico, Centro de Estudios Avanzados de Blanes &#8211; Consejo Superior de Investigaciones Cient\u00edficas. 28 pp<\/p>\n<p>[\/et_pb_blurb][\/et_pb_column][et_pb_column type=\u00bb1_4&#8243; _builder_version=\u00bb4.10.8&#8243; custom_padding=\u00bb|||\u00bb hover_enabled=\u00bb0&#8243; global_colors_info=\u00bb{}\u00bb custom_padding__hover=\u00bb|||\u00bb link_option_url=\u00bbhttp:\/\/biosferaeduca.com\/podagorg\/wp-content\/uploads\/2021\/09\/Serrano-et-al.-2021b.-Informe-gorgonias-Islas-Hormigas-PODAGORG-Campan\u0303a-2021.pdf\u00bb link_option_url_new_window=\u00bbon\u00bb sticky_enabled=\u00bb0&#8243;][et_pb_blurb title=\u00bbSeguimiento poblaciones Cabo de Palos \u2013 Islas Hormigas 2019-2021 \u00bb use_icon=\u00bbon\u00bb font_icon=\u00bb%%72%%\u00bb icon_color=\u00bb#001f4f\u00bb use_icon_font_size=\u00bbon\u00bb icon_font_size=\u00bb60px\u00bb _builder_version=\u00bb4.10.8&#8243; header_font=\u00bbMontserrat|on|||\u00bb header_text_color=\u00bb#353740&#8243; header_font_size=\u00bb22px\u00bb header_line_height=\u00bb1.4em\u00bb body_font=\u00bbMontserrat||||\u00bb body_text_color=\u00bb#747d88&#8243; body_font_size=\u00bb16px\u00bb body_line_height=\u00bb1.8em\u00bb text_orientation=\u00bbcenter\u00bb custom_padding=\u00bb30px|30px|30px|30px\u00bb animation_style=\u00bbzoom\u00bb hover_enabled=\u00bb0&#8243; border_width_all=\u00bb0px\u00bb border_color_all=\u00bb#dddddd\u00bb border_style_all=\u00bbsolid\u00bb use_border_color=\u00bbon\u00bb border_color=\u00bb#dddddd\u00bb global_colors_info=\u00bb{}\u00bb link_option_url_new_window=\u00bbon\u00bb url_new_window=\u00bbon\u00bb sticky_enabled=\u00bb0&#8243;]<\/p>\n<p>Serrano E, Mas G, Bolivar M, Ribes M, Calv\u00edn JC, Coma R (2021b) <strong>Seguimiento de las poblaciones de gorgonia roja (<em>Paramuricea clavata<\/em>) y de gorgonia blanca (<em>Eunicella singularis<\/em>) en la Reserva Marina de Cabo de Palos \u2013 Islas Hormigas, a\u00f1os 2019 y 2021<\/strong>. BIOSFERA Associaci\u00f3 d\u2019Educaci\u00f3 Ambiental. Fundaci\u00f3n Biodiversidad &#8211; Ministerio para la Transici\u00f3n Ecol\u00f3gica y el Reto Demogr\u00e1fico, Centro de Estudios Avanzados de Blanes &#8211; Consejo Superior de Investigaciones Cient\u00edficas. 29 pp.<\/p>\n<p>[\/et_pb_blurb][\/et_pb_column][\/et_pb_row][\/et_pb_section]<\/p>\n","protected":false},"excerpt":{"rendered":"<p>Cambio clim\u00e1tico y mortalidades en masa de gorgoniasLa gorgonia roja Paramuricea clavata y la gorgonia blanca Eunicella singularis son especies clave del ecosistema del coral\u00edgeno que est\u00e1n amenazadas debido a los recurrentes episodios de mortalidad en masa ligados al calentamiento del agua del mar durante el periodo estival. Las gorgonias han sufrido diversos eventos de [&hellip;]<\/p>\n","protected":false},"author":1,"featured_media":0,"parent":0,"menu_order":0,"comment_status":"closed","ping_status":"closed","template":"","meta":{"_et_pb_use_builder":"on","_et_pb_old_content":"","_et_gb_content_width":"","footnotes":""},"class_list":["post-51","page","type-page","status-publish","hentry"],"_links":{"self":[{"href":"http:\/\/biosferaeduca.com\/podagorg\/wp-json\/wp\/v2\/pages\/51","targetHints":{"allow":["GET"]}}],"collection":[{"href":"http:\/\/biosferaeduca.com\/podagorg\/wp-json\/wp\/v2\/pages"}],"about":[{"href":"http:\/\/biosferaeduca.com\/podagorg\/wp-json\/wp\/v2\/types\/page"}],"author":[{"embeddable":true,"href":"http:\/\/biosferaeduca.com\/podagorg\/wp-json\/wp\/v2\/users\/1"}],"replies":[{"embeddable":true,"href":"http:\/\/biosferaeduca.com\/podagorg\/wp-json\/wp\/v2\/comments?post=51"}],"version-history":[{"count":16,"href":"http:\/\/biosferaeduca.com\/podagorg\/wp-json\/wp\/v2\/pages\/51\/revisions"}],"predecessor-version":[{"id":236,"href":"http:\/\/biosferaeduca.com\/podagorg\/wp-json\/wp\/v2\/pages\/51\/revisions\/236"}],"wp:attachment":[{"href":"http:\/\/biosferaeduca.com\/podagorg\/wp-json\/wp\/v2\/media?parent=51"}],"curies":[{"name":"wp","href":"https:\/\/api.w.org\/{rel}","templated":true}]}}