{"id":291,"date":"2021-04-12T23:04:59","date_gmt":"2021-04-12T23:04:59","guid":{"rendered":"http:\/\/biosferaeduca.com\/invacat\/?page_id=291"},"modified":"2023-06-14T20:18:15","modified_gmt":"2023-06-14T20:18:15","slug":"291-2","status":"publish","type":"page","link":"https:\/\/biosferaeduca.com\/invacat20\/291-2\/","title":{"rendered":"TALLERS A L&#8217;AULA"},"content":{"rendered":"<p>[et_pb_section fb_built=\u00bb1&#8243; admin_label=\u00bbHeader\u00bb _builder_version=\u00bb4.16&#8243; _module_preset=\u00bbdefault\u00bb custom_margin=\u00bb62px||||false|false\u00bb custom_margin_tablet=\u00bb350px||||false|false\u00bb custom_margin_phone=\u00bb0px||||false|false\u00bb custom_margin_last_edited=\u00bbon|phone\u00bb global_colors_info=\u00bb{}\u00bb][et_pb_row column_structure=\u00bb3_5,2_5&#8243; _builder_version=\u00bb4.16&#8243; _module_preset=\u00bbdefault\u00bb global_colors_info=\u00bb{}\u00bb][et_pb_column type=\u00bb3_5&#8243; _builder_version=\u00bb4.16&#8243; _module_preset=\u00bbdefault\u00bb global_colors_info=\u00bb{}\u00bb][et_pb_text _builder_version=\u00bb4.16&#8243; _module_preset=\u00bb6ca64ecf-fbe3-4428-b1e8-65745f623d5d\u00bb header_font=\u00bbPoppins|700|||||||\u00bb header_text_color=\u00bb#000000&#8243; header_font_size=\u00bb70px\u00bb header_line_height=\u00bb1.2em\u00bb header_2_font=\u00bb|700||on|||||\u00bb header_2_font_size=\u00bb31px\u00bb header_font_size_tablet=\u00bb40px\u00bb header_font_size_phone=\u00bb25px\u00bb header_font_size_last_edited=\u00bbon|phone\u00bb locked=\u00bboff\u00bb global_colors_info=\u00bb{}\u00bb]<\/p>\n<h1>TALLERS A L\u2019AULA<\/h1>\n<h2>Les esp\u00e8cies ex\u00f2tiques invasores en els ecosistemes naturals i la biodiversitat<\/h2>\n<p>[\/et_pb_text][et_pb_text _builder_version=\u00bb4.16&#8243; _module_preset=\u00bba71a5122-3537-4d1b-aa15-649fe0057a23&#8243; text_font=\u00bbWork Sans||||||||\u00bb text_font_size=\u00bb16px\u00bb text_line_height=\u00bb1.8em\u00bb text_font_size_tablet=\u00bb15px\u00bb text_font_size_phone=\u00bb14px\u00bb text_font_size_last_edited=\u00bbon|desktop\u00bb locked=\u00bboff\u00bb global_colors_info=\u00bb{}\u00bb]<\/p>\n<p>L\u2019objectiu dels Tallers d\u2019Esp\u00e8cies Ex\u00f2tiques Invasores (EEI) \u00e9s la\u00a0<strong>sensibilitzaci\u00f3 ambiental sobre la problem\u00e0tica de les EEI dels ecosistemes aqu\u00e0tics, litorals i marins de Catalunya<\/strong>: descripci\u00f3 i identificaci\u00f3, problem\u00e0tiques associades a la seva invasi\u00f3 i eines de gesti\u00f3 i prevenci\u00f3 de la seva introducci\u00f3. Es pret\u00e9n donar a con\u00e8ixer a la societat les amenaces que suposen les EEI per a la conservaci\u00f3 de la biodiversitat dels ecosistemes naturals i la problem\u00e0tica sanit\u00e0ria i econ\u00f2mica associada per tal de mitigar la introducci\u00f3 i proliferaci\u00f3 de les EEI al nostre territori, aix\u00ed com fomentar pr\u00e0ctiques respectuoses amb el medi ambient i els \u00e9ssers vius que hi habiten.<\/p>\n<p>[\/et_pb_text][\/et_pb_column][et_pb_column type=\u00bb2_5&#8243; _builder_version=\u00bb4.16&#8243; _module_preset=\u00bbdefault\u00bb global_colors_info=\u00bb{}\u00bb][et_pb_image src=\u00bbhttp:\/\/biosferaeduca.com\/invacat\/wp-content\/uploads\/2021\/04\/TallersFoto1A.jpg\u00bb title_text=\u00bbTallersFoto1A\u00bb _builder_version=\u00bb4.16&#8243; _module_preset=\u00bbdefault\u00bb locked=\u00bboff\u00bb global_colors_info=\u00bb{}\u00bb][\/et_pb_image][\/et_pb_column][\/et_pb_row][\/et_pb_section][et_pb_section fb_built=\u00bb1&#8243; admin_label=\u00bbAbout\u00bb _builder_version=\u00bb4.16&#8243; _module_preset=\u00bbdefault\u00bb custom_padding=\u00bb0px|||||\u00bb global_colors_info=\u00bb{}\u00bb][et_pb_row column_structure=\u00bb2_5,3_5&#8243; _builder_version=\u00bb4.16&#8243; _module_preset=\u00bbdefault\u00bb custom_margin_tablet=\u00bb\u00bb custom_margin_phone=\u00bb||-126px||false|false\u00bb custom_margin_last_edited=\u00bbon|phone\u00bb global_colors_info=\u00bb{}\u00bb][et_pb_column type=\u00bb2_5&#8243; _builder_version=\u00bb4.16&#8243; _module_preset=\u00bbdefault\u00bb background_color=\u00bb#004e43&#8243; custom_padding=\u00bb40px|20px|40px|20px|true|true\u00bb sticky_position=\u00bbtop\u00bb sticky_limit_bottom=\u00bbsection\u00bb sticky_position_tablet=\u00bbnone\u00bb sticky_position_phone=\u00bb\u00bb sticky_position_last_edited=\u00bbon|tablet\u00bb global_colors_info=\u00bb{%22gcid-3bcfc9e8-40d7-422e-a60f-3fa9ff8f4895%22:%91%93,%22gcid-4721c02e-63da-4985-9f86-80b98bb29c52%22:%91%93,%22gcid-01d52b91-888a-4360-8bf2-df06995b266a%22:%91%93}\u00bb][et_pb_text _builder_version=\u00bb4.16&#8243; _module_preset=\u00bbdefault\u00bb text_font=\u00bbPoppins|700|||||||\u00bb text_text_color=\u00bb#FFFFFF\u00bb text_font_size=\u00bb22px\u00bb text_letter_spacing=\u00bb1px\u00bb text_line_height=\u00bb1.2em\u00bb header_2_font_size=\u00bb20px\u00bb custom_margin=\u00bb||10px||false|false\u00bb locked=\u00bboff\u00bb global_colors_info=\u00bb{}\u00bb]<\/p>\n<p>Els Tallers EEI s\u2019adrecen als alumnes de centres escolars<br \/>i al p\u00fablic en general<\/p>\n<p>[\/et_pb_text][et_pb_text _builder_version=\u00bb4.16&#8243; _module_preset=\u00bbdefault\u00bb text_font=\u00bbWork Sans||||||||\u00bb text_text_color=\u00bbRGBA(255,255,255,0.8)\u00bb text_line_height=\u00bb1.6em\u00bb background_layout=\u00bbdark\u00bb locked=\u00bboff\u00bb global_colors_info=\u00bb{}\u00bb]<\/p>\n<p><strong>Un total de 200 Tallers \u00abLes Esp\u00e8cies ex\u00f2tiques invasores en els ecosistemes naturals i la biodiversitat\u201d<\/strong>.<\/p>\n<ul><\/ul>\n<p>[\/et_pb_text][\/et_pb_column][et_pb_column type=\u00bb3_5&#8243; _builder_version=\u00bb4.16&#8243; _module_preset=\u00bbdefault\u00bb global_colors_info=\u00bb{}\u00bb][et_pb_text _builder_version=\u00bb4.16&#8243; _module_preset=\u00bba71a5122-3537-4d1b-aa15-649fe0057a23&#8243; text_font=\u00bbWork Sans||||||||\u00bb text_font_size=\u00bb16px\u00bb text_line_height=\u00bb1.8em\u00bb text_font_size_tablet=\u00bb15px\u00bb text_font_size_phone=\u00bb14px\u00bb text_font_size_last_edited=\u00bbon|desktop\u00bb locked=\u00bboff\u00bb global_colors_info=\u00bb{}\u00bb]<\/p>\n<p>Es duran a terme <strong>un total de 200 Tallers \u00abLes Esp\u00e8cies ex\u00f2tiques invasores en els ecosistemes naturals i la biodiversitat\u201d<\/strong>. Els Tallers d\u2019Esp\u00e8cies Ex\u00f2tiques Invasores es realitzaran a l&#8217;aula dels centres escolars, en espais p\u00fablics com ara les biblioteques municipals, en sales de confer\u00e8ncies de les entitats destinat\u00e0ries, etc. Els Tallers a l\u2019aula tindran una durada d\u20191 hora i mitja, i el dia i l&#8217;horari s&#8217;adequar\u00e0 a la disponibilitat i requeriments dels col\u00b7lectius destinataris. Els Tallers es duran a terme amb entitats de les prov\u00edncies de Tarragona, Barcelona i Girona.<\/p>\n<p>El Taller EEI consistir\u00e0 en una primera part te\u00f2rica on s&#8217;expliquen les <strong>finalitats del projecte<\/strong> amb el suport d&#8217;un audiovisual Power-Point, seguida d&#8217;<strong>activitats pr\u00e0ctiques <\/strong>(ex: efectes de les EEI sobre la cadena tr\u00f2fica i la biodiversitat dels ecosistemes enva\u00efts), i una cloenda amb <strong>activitats per reflexionar i debatre<\/strong>. En els Tallers realitzats als centres escolars, els alumnes disposaran d&#8217;un \u201c<span>Dossier de l&#8217;alumne\/a<\/span>\u201d adaptat segons el grup d\u2019edat, amb exercicis que resoldran durant l\u2019activitat o com a treball a posteriori a l&#8217;escola, segons es convingui amb el professor\/a responsable de cada grup. Els professors\/es disposaran del \u201c<span>Dossier del professor\/a<\/span>\u201d amb els exercicis resolts, que podran utilitzar per avaluar l&#8217;assoliment dels continguts acad\u00e8mics del Taller per part dels alumnes.<\/p>\n<p>[\/et_pb_text][\/et_pb_column][\/et_pb_row][\/et_pb_section][et_pb_section fb_built=\u00bb1&#8243; admin_label=\u00bbCampaigns\u00bb _builder_version=\u00bb4.16&#8243; _module_preset=\u00bbdefault\u00bb custom_margin_tablet=\u00bb\u00bb custom_margin_phone=\u00bb\u00bb custom_margin_last_edited=\u00bbon|tablet\u00bb custom_padding=\u00bb||||false|false\u00bb locked=\u00bboff\u00bb global_colors_info=\u00bb{}\u00bb][et_pb_row _builder_version=\u00bb4.16&#8243; _module_preset=\u00bbdefault\u00bb width=\u00bb95%\u00bb width_tablet=\u00bb80%\u00bb width_phone=\u00bb\u00bb width_last_edited=\u00bbon|tablet\u00bb max_width=\u00bb1447px\u00bb custom_margin=\u00bb109px||109px||true|false\u00bb custom_margin_tablet=\u00bb0px||0px||true|false\u00bb custom_margin_phone=\u00bb\u00bb custom_margin_last_edited=\u00bbon|phone\u00bb locked=\u00bboff\u00bb global_colors_info=\u00bb{}\u00bb][et_pb_column type=\u00bb4_4&#8243; _builder_version=\u00bb4.16&#8243; _module_preset=\u00bbdefault\u00bb global_colors_info=\u00bb{}\u00bb][et_pb_gallery gallery_ids=\u00bb556,557,558,559&#8243; show_title_and_caption=\u00bboff\u00bb show_pagination=\u00bboff\u00bb _builder_version=\u00bb4.16&#8243; _module_preset=\u00bbdefault\u00bb global_colors_info=\u00bb{}\u00bb][\/et_pb_gallery][\/et_pb_column][\/et_pb_row][et_pb_row _builder_version=\u00bb4.16&#8243; _module_preset=\u00bbdefault\u00bb width=\u00bb95%\u00bb width_tablet=\u00bb80%\u00bb width_phone=\u00bb\u00bb width_last_edited=\u00bbon|tablet\u00bb max_width=\u00bb1447px\u00bb custom_margin=\u00bb109px||109px||true|false\u00bb custom_margin_tablet=\u00bb0px||0px||true|false\u00bb custom_margin_phone=\u00bb\u00bb custom_margin_last_edited=\u00bbon|phone\u00bb locked=\u00bboff\u00bb global_colors_info=\u00bb{}\u00bb][et_pb_column type=\u00bb4_4&#8243; _builder_version=\u00bb4.16&#8243; _module_preset=\u00bbdefault\u00bb global_colors_info=\u00bb{}\u00bb][et_pb_text _builder_version=\u00bb4.16&#8243; _module_preset=\u00bbdefault\u00bb header_text_align=\u00bbcenter\u00bb header_font_size=\u00bb22px\u00bb header_2_font=\u00bbPoppins|700|||||||\u00bb header_2_text_color=\u00bb#000000&#8243; header_2_font_size=\u00bb21px\u00bb header_2_line_height=\u00bb1.2em\u00bb text_orientation=\u00bbcenter\u00bb max_width=\u00bb93%\u00bb module_alignment=\u00bbcenter\u00bb header_2_font_size_tablet=\u00bb\u00bb header_2_font_size_phone=\u00bb\u00bb header_2_font_size_last_edited=\u00bbon|desktop\u00bb locked=\u00bboff\u00bb global_colors_info=\u00bb{}\u00bb]<\/p>\n<h2><strong>Introducci\u00f3 te\u00f2rica dels continguts amb el suport d\u2019un audiovisual, elaboraci\u00f3 del dossier per part dels alumnes i adopci\u00f3 de rols durant el debat \u00abEl Silur i el pant\u00e0 de Sau\u00bb: cos d\u2019agents rurals, pescadors esportius, operadors de tours de pesca i ecologistes<\/strong><\/h2>\n<p>[\/et_pb_text][\/et_pb_column][\/et_pb_row][et_pb_row _builder_version=\u00bb4.16&#8243; _module_preset=\u00bbdefault\u00bb width=\u00bb95%\u00bb width_tablet=\u00bb80%\u00bb width_phone=\u00bb\u00bb width_last_edited=\u00bbon|tablet\u00bb max_width=\u00bb1447px\u00bb custom_margin=\u00bb109px||109px||true|false\u00bb custom_margin_tablet=\u00bb0px||0px||true|false\u00bb custom_margin_phone=\u00bb\u00bb custom_margin_last_edited=\u00bbon|phone\u00bb locked=\u00bboff\u00bb global_colors_info=\u00bb{}\u00bb][et_pb_column type=\u00bb4_4&#8243; _builder_version=\u00bb4.16&#8243; _module_preset=\u00bbdefault\u00bb global_colors_info=\u00bb{}\u00bb][et_pb_gallery gallery_ids=\u00bb561,562,563,560&#8243; show_title_and_caption=\u00bboff\u00bb show_pagination=\u00bboff\u00bb _builder_version=\u00bb4.16&#8243; _module_preset=\u00bbdefault\u00bb global_colors_info=\u00bb{}\u00bb][\/et_pb_gallery][\/et_pb_column][\/et_pb_row][et_pb_row _builder_version=\u00bb4.16&#8243; _module_preset=\u00bbdefault\u00bb custom_margin_tablet=\u00bb\u00bb custom_margin_phone=\u00bb||0px||false|false\u00bb custom_margin_last_edited=\u00bbon|tablet\u00bb global_colors_info=\u00bb{}\u00bb][et_pb_column type=\u00bb4_4&#8243; _builder_version=\u00bb4.16&#8243; _module_preset=\u00bbdefault\u00bb global_colors_info=\u00bb{}\u00bb][et_pb_text _builder_version=\u00bb4.21.0&#8243; _module_preset=\u00bba71a5122-3537-4d1b-aa15-649fe0057a23&#8243; text_font=\u00bbWork Sans||||||||\u00bb text_font_size=\u00bb16px\u00bb text_line_height=\u00bb1.8em\u00bb hover_enabled=\u00bb0&#8243; text_font_size_tablet=\u00bb15px\u00bb text_font_size_phone=\u00bb14px\u00bb text_font_size_last_edited=\u00bbon|desktop\u00bb locked=\u00bboff\u00bb global_colors_info=\u00bb{}\u00bb sticky_enabled=\u00bb0&#8243;]<\/p>\n<p>Atesa la diversitat d&#8217;edats i col\u00b7lectius dels destinataris a qui van adre\u00e7ats els Tallers EEI; les explicacions dels continguts programats i els recursos utilitzats en les activitats s\u2019adequaran a cada col\u00b7lectiu, modificant les explicacions i les activitats segons convingui. En concret, es disposar\u00e0 <span>de\u00a0<\/span><strong>3 tipologies de recursos did\u00e0ctics adaptats a 3 grups d\u2019edat<\/strong><span>: Cicle Mitj\u00e0 de Prim\u00e0ria (8-10 anys), Cicle Superior de Prim\u00e0ria (10-12 anys), i Educaci\u00f3 Secund\u00e0ria Obligat\u00f2ria i Batxillerat (13-17 anys)<\/span>.<\/p>\n<p>[\/et_pb_text][\/et_pb_column][\/et_pb_row][et_pb_row _builder_version=\u00bb4.16&#8243; _module_preset=\u00bbdefault\u00bb width=\u00bb95%\u00bb width_tablet=\u00bb80%\u00bb width_phone=\u00bb\u00bb width_last_edited=\u00bbon|tablet\u00bb max_width=\u00bb1447px\u00bb custom_margin=\u00bb109px||109px||true|false\u00bb custom_margin_tablet=\u00bb0px||0px||true|false\u00bb custom_margin_phone=\u00bb\u00bb custom_margin_last_edited=\u00bbon|phone\u00bb locked=\u00bboff\u00bb global_colors_info=\u00bb{}\u00bb][et_pb_column type=\u00bb4_4&#8243; _builder_version=\u00bb4.16&#8243; _module_preset=\u00bbdefault\u00bb global_colors_info=\u00bb{}\u00bb][et_pb_gallery gallery_ids=\u00bb564,565,566,567,568&#8243; posts_number=\u00bb5&#8243; show_title_and_caption=\u00bboff\u00bb show_pagination=\u00bboff\u00bb _builder_version=\u00bb4.16&#8243; _module_preset=\u00bbdefault\u00bb custom_margin_tablet=\u00bb\u00bb custom_margin_phone=\u00bb\u00bb custom_margin_last_edited=\u00bbon|tablet\u00bb custom_padding=\u00bb||0px||false|false\u00bb global_colors_info=\u00bb{}\u00bb][\/et_pb_gallery][\/et_pb_column][\/et_pb_row][et_pb_row _builder_version=\u00bb4.16&#8243; _module_preset=\u00bbdefault\u00bb global_colors_info=\u00bb{}\u00bb][et_pb_column type=\u00bb4_4&#8243; _builder_version=\u00bb4.16&#8243; _module_preset=\u00bbdefault\u00bb global_colors_info=\u00bb{}\u00bb][et_pb_text _builder_version=\u00bb4.16&#8243; _module_preset=\u00bba71a5122-3537-4d1b-aa15-649fe0057a23&#8243; text_font=\u00bbWork Sans||||||||\u00bb text_font_size=\u00bb16px\u00bb text_line_height=\u00bb1.8em\u00bb text_font_size_tablet=\u00bb15px\u00bb text_font_size_phone=\u00bb14px\u00bb text_font_size_last_edited=\u00bbon|desktop\u00bb locked=\u00bboff\u00bb global_colors_info=\u00bb{}\u00bb]<\/p>\n<p>En coordinaci\u00f3 amb les \u201cJornades d\u2019erradicaci\u00f3 de plantes ex\u00f2tiques al Cap de Creus\u201d, es duran a terme Tallers a l\u2019aula amb centres escolars i col\u00b7lectius de la comarca de l\u2019Alt Empord\u00e0, on pertany el Parc Natural del Cap de Creus, i on es realitzaran les Jornades d\u2019erradicaci\u00f3 de flora ex\u00f2tica invasora amb voluntariat, que permetin maximitzar l&#8217;inter\u00e8s local i la participaci\u00f3 ciutadana a les Jornades. En aquests casos, durant la realitzaci\u00f3 del Taller EEI es posar\u00e0 \u00e8mfasi en explicar <strong>la biodiversitat de la flora aut\u00f2ctona del Parc Natural de Cap de Creus i la problem\u00e0tica de les plantes ex\u00f2tiques invasores<\/strong> per a la seva conservaci\u00f3. A m\u00e9s a m\u00e9s, es far\u00e0 entrega d&#8217;un exemplar del tr\u00edptic divulgatiu de les Jornades d\u2019erradicaci\u00f3 de plantes invasores per a cada participant, i de diversos exemplars del p\u00f2ster divulgatiu per cada grup per a la seva difusi\u00f3.<\/p>\n<p>[\/et_pb_text][\/et_pb_column][\/et_pb_row][\/et_pb_section]<\/p>\n","protected":false},"excerpt":{"rendered":"<p>TALLERS A L\u2019AULA Les esp\u00e8cies ex\u00f2tiques invasores en els ecosistemes naturals i la biodiversitatL\u2019objectiu dels Tallers d\u2019Esp\u00e8cies Ex\u00f2tiques Invasores (EEI) \u00e9s la\u00a0sensibilitzaci\u00f3 ambiental sobre la problem\u00e0tica de les EEI dels ecosistemes aqu\u00e0tics, litorals i marins de Catalunya: descripci\u00f3 i identificaci\u00f3, problem\u00e0tiques associades a la seva invasi\u00f3 i eines de gesti\u00f3 i prevenci\u00f3 de la seva [&hellip;]<\/p>\n","protected":false},"author":1,"featured_media":0,"parent":0,"menu_order":0,"comment_status":"closed","ping_status":"closed","template":"","meta":{"_et_pb_use_builder":"on","_et_pb_old_content":"","_et_gb_content_width":"","footnotes":""},"class_list":["post-291","page","type-page","status-publish","hentry"],"_links":{"self":[{"href":"https:\/\/biosferaeduca.com\/invacat20\/wp-json\/wp\/v2\/pages\/291","targetHints":{"allow":["GET"]}}],"collection":[{"href":"https:\/\/biosferaeduca.com\/invacat20\/wp-json\/wp\/v2\/pages"}],"about":[{"href":"https:\/\/biosferaeduca.com\/invacat20\/wp-json\/wp\/v2\/types\/page"}],"author":[{"embeddable":true,"href":"https:\/\/biosferaeduca.com\/invacat20\/wp-json\/wp\/v2\/users\/1"}],"replies":[{"embeddable":true,"href":"https:\/\/biosferaeduca.com\/invacat20\/wp-json\/wp\/v2\/comments?post=291"}],"version-history":[{"count":2,"href":"https:\/\/biosferaeduca.com\/invacat20\/wp-json\/wp\/v2\/pages\/291\/revisions"}],"predecessor-version":[{"id":636,"href":"https:\/\/biosferaeduca.com\/invacat20\/wp-json\/wp\/v2\/pages\/291\/revisions\/636"}],"wp:attachment":[{"href":"https:\/\/biosferaeduca.com\/invacat20\/wp-json\/wp\/v2\/media?parent=291"}],"curies":[{"name":"wp","href":"https:\/\/api.w.org\/{rel}","templated":true}]}}