{"id":78,"date":"2021-03-17T20:14:23","date_gmt":"2021-03-17T20:14:23","guid":{"rendered":"http:\/\/biosferaeduca.com\/invacat\/?page_id=78"},"modified":"2021-03-17T20:14:23","modified_gmt":"2021-03-17T20:14:23","slug":"consells-de-jardineria-domestica","status":"publish","type":"page","link":"https:\/\/biosferaeduca.com\/invacat20\/consells-de-jardineria-domestica\/","title":{"rendered":"CONSELLS DE JARDINERIA DOM\u00c8STICA"},"content":{"rendered":"<p>[et_pb_section fb_built=\u00bb1&#8243; admin_label=\u00bbHeader\u00bb _builder_version=\u00bb4.9.2&#8243; _module_preset=\u00bbdefault\u00bb custom_margin=\u00bb62px||||false|false\u00bb custom_margin_tablet=\u00bb350px||||false|false\u00bb custom_margin_phone=\u00bb0px||||false|false\u00bb custom_margin_last_edited=\u00bbon|phone\u00bb][et_pb_row column_structure=\u00bb3_5,2_5&#8243; _builder_version=\u00bb4.9.0&#8243; _module_preset=\u00bbdefault\u00bb][et_pb_column type=\u00bb3_5&#8243; _builder_version=\u00bb4.9.0&#8243; _module_preset=\u00bbdefault\u00bb][et_pb_text _builder_version=\u00bb4.9.0&#8243; _module_preset=\u00bb6ca64ecf-fbe3-4428-b1e8-65745f623d5d\u00bb header_font=\u00bbPoppins|700|||||||\u00bb header_text_color=\u00bb#000000&#8243; header_font_size=\u00bb70px\u00bb header_line_height=\u00bb1.2em\u00bb header_font_size_tablet=\u00bb40px\u00bb header_font_size_phone=\u00bb25px\u00bb header_font_size_last_edited=\u00bbon|phone\u00bb locked=\u00bboff\u00bb]<\/p>\n<h1>CONSELLS DE JARDINERIA DOM\u00c8STICA<\/h1>\n<p>[\/et_pb_text][et_pb_text _builder_version=\u00bb4.9.0&#8243; _module_preset=\u00bba71a5122-3537-4d1b-aa15-649fe0057a23&#8243; text_font=\u00bbWork Sans||||||||\u00bb text_font_size=\u00bb16px\u00bb text_line_height=\u00bb1.8em\u00bb text_font_size_tablet=\u00bb15px\u00bb text_font_size_phone=\u00bb14px\u00bb text_font_size_last_edited=\u00bbon|desktop\u00bb locked=\u00bboff\u00bb]<\/p>\n<p><strong>Les plantes invasores s\u00f3n una gran amena\u00e7a per a la conservaci\u00f3 de la nostra biodiversitat vegetal<\/strong> i l&#8217;home \u00e9s el principal causant d&#8217;aquestes invasions. Per aquest motiu, l&#8217;eradicaci\u00f3 de plantes ex\u00f2tiques invasores s\u2019ha convertit en un gran repte i una prioritat pels gestors mediambientals. Tenint en compte que les mesures de control i eradicaci\u00f3 de les esp\u00e8cies ex\u00f2tiques s\u00f3n extremadament costoses, la millor estrat\u00e8gia a seguir <strong>\u00e9s prevenir-ne l\u2019entrada, l&#8217;establiment i la dispersi\u00f3<\/strong>. El nostre deure \u00e9s preservar el patrimoni natural per a les futures generacions, tu hi pots intervenir!<\/p>\n<p>[\/et_pb_text][\/et_pb_column][et_pb_column type=\u00bb2_5&#8243; _builder_version=\u00bb4.9.0&#8243; _module_preset=\u00bbdefault\u00bb][et_pb_image src=\u00bbhttp:\/\/biosferaeduca.com\/invacat\/wp-content\/uploads\/2021\/04\/JardineriaFoto1.jpg\u00bb title_text=\u00bbJardineriaFoto1&#8243; _builder_version=\u00bb4.9.2&#8243; _module_preset=\u00bbdefault\u00bb locked=\u00bboff\u00bb][\/et_pb_image][\/et_pb_column][\/et_pb_row][et_pb_row _builder_version=\u00bb4.9.0&#8243; _module_preset=\u00bbdefault\u00bb][et_pb_column type=\u00bb4_4&#8243; _builder_version=\u00bb4.9.0&#8243; _module_preset=\u00bbdefault\u00bb][et_pb_text _builder_version=\u00bb4.9.2&#8243; _module_preset=\u00bba71a5122-3537-4d1b-aa15-649fe0057a23&#8243; text_font=\u00bbWork Sans||||||||\u00bb text_font_size=\u00bb16px\u00bb text_line_height=\u00bb1.8em\u00bb hover_enabled=\u00bb0&#8243; text_font_size_tablet=\u00bb15px\u00bb text_font_size_phone=\u00bb14px\u00bb text_font_size_last_edited=\u00bbon|desktop\u00bb locked=\u00bboff\u00bb sticky_enabled=\u00bb0&#8243;]<\/p>\n<p>En els \u00faltims 10 anys, els plans de gesti\u00f3 i eradicaci\u00f3 de la flora ex\u00f2tica invasora a l\u2019estat espanyol han suposat una despesa p\u00fablica de m\u00e9s de 50 milions d&#8217;euros, invertits majorit\u00e0riament en l\u2019eradicaci\u00f3 per m\u00e8todes d\u2019extirpaci\u00f3 mec\u00e0nica. En aquest sentit, <strong>existeix<\/strong> <strong>una llei que regula l&#8217;\u00fas comercial i dom\u00e8stic de les plantes invasores per evitar-ne la propagaci\u00f3<\/strong> (<a href=\"http:\/\/biosferaeduca.com\/invacat\/wp-content\/uploads\/2021\/04\/BOE-A-2011-19398.EspeciesInvasoras.pdf\" target=\"_blank\" rel=\"noopener\">BOE 19398, Real Decreto 1628\/2011<\/a>). Tot i aix\u00ed, encara queda molta feina a fer, tant en les \u00e0rees d\u2019educaci\u00f3 i conscienciaci\u00f3 social a favor de l\u2019eradicaci\u00f3 de les esp\u00e8cies invasores, com en l\u2019\u00e0rea de la investigaci\u00f3 per entendre m\u00e9s a fons els seus mecanismes d\u2019invasi\u00f3 i distribuci\u00f3.<\/p>\n<p>[\/et_pb_text][\/et_pb_column][\/et_pb_row][\/et_pb_section][et_pb_section fb_built=\u00bb1&#8243; admin_label=\u00bbAbout\u00bb _builder_version=\u00bb4.8.1&#8243; _module_preset=\u00bbdefault\u00bb custom_padding=\u00bb0px|||||\u00bb][et_pb_row column_structure=\u00bb2_5,3_5&#8243; _builder_version=\u00bb4.9.2&#8243; _module_preset=\u00bbdefault\u00bb custom_margin_tablet=\u00bb\u00bb custom_margin_phone=\u00bb||-126px||false|false\u00bb custom_margin_last_edited=\u00bbon|phone\u00bb][et_pb_column type=\u00bb2_5&#8243; _builder_version=\u00bb4.9.0&#8243; _module_preset=\u00bbdefault\u00bb background_color=\u00bb#004e43&#8243; custom_padding=\u00bb40px|20px|40px|20px|true|true\u00bb sticky_position=\u00bbtop\u00bb sticky_limit_bottom=\u00bbsection\u00bb sticky_position_tablet=\u00bbnone\u00bb sticky_position_phone=\u00bb\u00bb sticky_position_last_edited=\u00bbon|tablet\u00bb global_colors_info=\u00bb{%22gcid-3bcfc9e8-40d7-422e-a60f-3fa9ff8f4895%22:%91%93,%22gcid-4721c02e-63da-4985-9f86-80b98bb29c52%22:%91%93,%22gcid-01d52b91-888a-4360-8bf2-df06995b266a%22:%91%93}\u00bb][et_pb_text _builder_version=\u00bb4.9.2&#8243; _module_preset=\u00bbdefault\u00bb text_font=\u00bbPoppins|700|||||||\u00bb text_text_color=\u00bb#FFFFFF\u00bb text_font_size=\u00bb22px\u00bb text_letter_spacing=\u00bb1px\u00bb text_line_height=\u00bb1.2em\u00bb header_2_font_size=\u00bb20px\u00bb custom_margin=\u00bb||10px||false|false\u00bb locked=\u00bboff\u00bb]<\/p>\n<p><strong><em>Consells per evitar la propagaci\u00f3 de plantes ex\u00f2tiques invasores<\/em><\/strong><\/p>\n<p>[\/et_pb_text][et_pb_text _builder_version=\u00bb4.8.2&#8243; _module_preset=\u00bbdefault\u00bb text_font=\u00bbWork Sans||||||||\u00bb text_text_color=\u00bbRGBA(255,255,255,0.8)\u00bb text_line_height=\u00bb1.6em\u00bb background_layout=\u00bbdark\u00bb locked=\u00bboff\u00bb]<\/p>\n<ul>\n<li><strong>No compris ni <\/strong>plantis esp\u00e8cies ex\u00f2tiques invasores al jard\u00ed de casa.<\/li>\n<li><strong>Si tens plantes ex\u00f2tiques invasores al jard\u00ed de casa, arrenca-les<\/strong>!<\/li>\n<li><strong>No llencis mai les plantes invasores arrencades als marges dels camins<\/strong>.<\/li>\n<li><strong>Gestiona adequadament les plantes arrencades<\/strong>: llen\u00e7a-les als contenidors de mat\u00e8ria org\u00e0nica o de restes de poda vegetal, a la Deixalleria o a una Planta de Compostatge. En cas de dubte pots obtenir m\u00e9s informaci\u00f3 a l&#8217;Ajuntament del teu municipi.<\/li>\n<\/ul>\n<p><strong><em>Fes un pas m\u00e9s!<\/em><\/strong><\/p>\n<ul>\n<li><strong>Divulga la problem\u00e0tica de les plantes invasores<\/strong> als teus familiars, amics, ve\u00efns, al teu Ajuntament&#8230;<\/li>\n<li><strong>Crea el teu jard\u00ed sostenible<\/strong> de baix manteniment, assessora\u2019t als Centres de Jardineria especialitzats.<\/li>\n<\/ul>\n<p>[\/et_pb_text][\/et_pb_column][et_pb_column type=\u00bb3_5&#8243; _builder_version=\u00bb4.8.1&#8243; _module_preset=\u00bbdefault\u00bb][et_pb_image src=\u00bbhttp:\/\/biosferaeduca.com\/invacat\/wp-content\/uploads\/2021\/04\/JardineriaFoto1.jpg\u00bb title_text=\u00bbJardineriaFoto1&#8243; _builder_version=\u00bb4.9.2&#8243; _module_preset=\u00bbdefault\u00bb][\/et_pb_image][et_pb_image src=\u00bbhttp:\/\/biosferaeduca.com\/invacat\/wp-content\/uploads\/2021\/04\/JardineriaFoto2.jpg\u00bb title_text=\u00bbJardineriaFoto2&#8243; _builder_version=\u00bb4.9.2&#8243; _module_preset=\u00bbdefault\u00bb][\/et_pb_image][\/et_pb_column][\/et_pb_row][\/et_pb_section][et_pb_section fb_built=\u00bb1&#8243; admin_label=\u00bbCampaigns\u00bb _builder_version=\u00bb4.9.2&#8243; _module_preset=\u00bbdefault\u00bb custom_margin_tablet=\u00bb\u00bb custom_margin_phone=\u00bb\u00bb custom_margin_last_edited=\u00bbon|tablet\u00bb custom_padding=\u00bb||||false|false\u00bb locked=\u00bboff\u00bb][et_pb_row _builder_version=\u00bb4.9.2&#8243; _module_preset=\u00bbdefault\u00bb width=\u00bb95%\u00bb width_tablet=\u00bb80%\u00bb width_phone=\u00bb\u00bb width_last_edited=\u00bbon|tablet\u00bb max_width=\u00bb1447px\u00bb custom_margin=\u00bb109px||109px||true|false\u00bb custom_margin_tablet=\u00bb0px||0px||true|false\u00bb custom_margin_phone=\u00bb\u00bb custom_margin_last_edited=\u00bbon|phone\u00bb locked=\u00bboff\u00bb][et_pb_column type=\u00bb4_4&#8243; _builder_version=\u00bb4.9.2&#8243; _module_preset=\u00bbdefault\u00bb][et_pb_gallery gallery_ids=\u00bb254,256,255,263&#8243; show_title_and_caption=\u00bboff\u00bb show_pagination=\u00bboff\u00bb _builder_version=\u00bb4.9.2&#8243; _module_preset=\u00bbdefault\u00bb][\/et_pb_gallery][\/et_pb_column][\/et_pb_row][et_pb_row _builder_version=\u00bb4.9.2&#8243; _module_preset=\u00bbdefault\u00bb custom_margin_tablet=\u00bb\u00bb custom_margin_phone=\u00bb||-92px||false|false\u00bb custom_margin_last_edited=\u00bbon|phone\u00bb][et_pb_column type=\u00bb4_4&#8243; _builder_version=\u00bb4.9.0&#8243; _module_preset=\u00bbdefault\u00bb][et_pb_text _builder_version=\u00bb4.9.2&#8243; _module_preset=\u00bbdefault\u00bb header_font=\u00bbPoppins|700|||||||\u00bb header_text_color=\u00bb#000000&#8243; header_font_size=\u00bb70px\u00bb header_line_height=\u00bb1.2em\u00bb header_2_font_size=\u00bb32px\u00bb header_font_size_tablet=\u00bb40px\u00bb header_font_size_phone=\u00bb25px\u00bb header_font_size_last_edited=\u00bbon|phone\u00bb locked=\u00bboff\u00bb]<\/p>\n<h2><strong>Bones pr\u00e0ctiques per a una jardineria sostenible <\/strong><\/h2>\n<p>[\/et_pb_text][et_pb_text _builder_version=\u00bb4.9.0&#8243; _module_preset=\u00bba71a5122-3537-4d1b-aa15-649fe0057a23&#8243; text_font=\u00bbWork Sans||||||||\u00bb text_font_size=\u00bb16px\u00bb text_line_height=\u00bb1.8em\u00bb text_font_size_tablet=\u00bb15px\u00bb text_font_size_phone=\u00bb14px\u00bb text_font_size_last_edited=\u00bbon|desktop\u00bb locked=\u00bboff\u00bb]<\/p>\n<p>Cal apostar per una jardineria de baix manteniment, en detriment de la jardineria de gran consum. Els principis b\u00e0sics d&#8217;una jardineria sostenible s\u00f3n el respecte pel medi ambient, l&#8217;\u00fas dels recursos ambientals disponibles, les condicions clim\u00e0tiques i la utilitzaci\u00f3 preferent de plantes aut\u00f2ctones de la regi\u00f3. Si realitzes un disseny sostenible del teu jard\u00ed, el resultat pot ser <strong>un jard\u00ed\u00a0 exuberant, de baix consum i integrat en el paisatge natural<\/strong>.<\/p>\n<p>Alhora de dissenyar el teu jard\u00ed sostenible s&#8217;han d&#8217;utilitzar preferentment les varietats de plantes aut\u00f2ctones de la regi\u00f3. Contr\u00e0riament a les plantes ex\u00f2tiques, <strong>les plantes natives estan ben adaptades a les condicions ambientals i s\u00f3n m\u00e9s resistents a les plagues del territori<\/strong>, uns avantatges que disminuiran el seu manteniment. Tot i que es poden plantar esp\u00e8cies al\u00b7l\u00f2ctones d&#8217;altres regions de clima mediterrani ben adaptades a les condicions clim\u00e0tiques del nostre territori, s&#8217;ha de tenir cura que no siguin esp\u00e8cies potencialment invasores. La flora nativa del nostre territori ens ofereix una gamma molt \u00e0mplia de plantes en substituci\u00f3 de les plantes ex\u00f2tiques que ens hem habituat a veure als jardins i obres p\u00fabliques i que tants danys estan causant al medi ambient, a l\u2019economia i a la salut humana.<\/p>\n<p>En funci\u00f3 del tipus d\u2019espai que es vulgui enjardinar (zones assolellades, d\u2019ombra, seques, humides, etc.) i de l\u2019\u00fas que se\u2019n vulgui treure (per a gespes, tanques, rocalles i talussos, entapissats, etc.) <strong>existeix una gran varietat de plantes aut\u00f2ctones: arb\u00f2ries, arbustives, amb capacitat entapissant, enfiladisses, etc.<\/strong> que permeten dissenyar un jard\u00ed exuberant, de baix consum i integrat en el paisatge natural del territori.<\/p>\n<p>\u00a0En els terrenys assolellats del jard\u00ed on desitgem una vegetaci\u00f3 de certa al\u00e7ada, podem utilitzar arbusts com qualsevol de les estepes del g\u00e8nere <em>Cistus,<\/em> els ginebrons (<strong><em>Juniperu<\/em><\/strong><em>s<\/em> spp.)<em>,<\/em> el llentiscle <em>(Pistacia lentiscus<\/em>), tots ells molt resistents i que requereixen un baix manteniment. Si volem posar-li color, podem utilitzar plantes amb flors vistoses que no requereixin molta aigua com per exemple la planta herb\u00e0cia valeriana o herba de Sant Jordi (<em>Centranthus ruber)<\/em>, la planta lianoi de mareselva (<em>Lonicera<\/em> <em>etrusca<\/em>) o la bulbosa all de bruixa (<em>Allium roseum<\/em>), amb unes flors d\u2019un rosa viu i unes fulles d\u2019un verd lluent. Les plantes arom\u00e0tiques caracter\u00edstiques de la cultura culin\u00e0ria i medicinal de la regi\u00f3 Mediterr\u00e0nia s\u00f3n un bon complement: la lavanda (<em>Lavandula <\/em>spp.), la farigola (<em>Thymus vulgaris<\/em>), la salvia (<em>Salvia<\/em> spp.) i la camamilla groga (<em>Santolina chamaecyparissus<\/em>).<\/p>\n<p>[\/et_pb_text][\/et_pb_column][\/et_pb_row][et_pb_row _builder_version=\u00bb4.9.2&#8243; _module_preset=\u00bbdefault\u00bb width=\u00bb95%\u00bb width_tablet=\u00bb80%\u00bb width_phone=\u00bb\u00bb width_last_edited=\u00bbon|tablet\u00bb max_width=\u00bb1447px\u00bb custom_margin=\u00bb109px||109px||true|false\u00bb custom_margin_tablet=\u00bb0px||0px||true|false\u00bb custom_margin_phone=\u00bb\u00bb custom_margin_last_edited=\u00bbon|phone\u00bb locked=\u00bboff\u00bb][et_pb_column type=\u00bb4_4&#8243; _builder_version=\u00bb4.9.2&#8243; _module_preset=\u00bbdefault\u00bb][et_pb_gallery gallery_ids=\u00bb259,260,261,262&#8243; show_title_and_caption=\u00bboff\u00bb show_pagination=\u00bboff\u00bb _builder_version=\u00bb4.9.2&#8243; _module_preset=\u00bbdefault\u00bb custom_margin_tablet=\u00bb\u00bb custom_margin_phone=\u00bb\u00bb custom_margin_last_edited=\u00bbon|tablet\u00bb custom_padding=\u00bb||0px||false|false\u00bb][\/et_pb_gallery][\/et_pb_column][\/et_pb_row][et_pb_row _builder_version=\u00bb4.9.0&#8243; _module_preset=\u00bbdefault\u00bb][et_pb_column type=\u00bb4_4&#8243; _builder_version=\u00bb4.9.0&#8243; _module_preset=\u00bbdefault\u00bb][et_pb_text _builder_version=\u00bb4.9.0&#8243; _module_preset=\u00bba71a5122-3537-4d1b-aa15-649fe0057a23&#8243; text_font=\u00bbWork Sans||||||||\u00bb text_font_size=\u00bb16px\u00bb text_line_height=\u00bb1.8em\u00bb text_font_size_tablet=\u00bb15px\u00bb text_font_size_phone=\u00bb14px\u00bb text_font_size_last_edited=\u00bbon|desktop\u00bb locked=\u00bboff\u00bb]<\/p>\n<p>Si el que desitgem \u00e9s estabilitzar el s\u00f2l amb <strong>gespes entapissants,<\/strong> les esp\u00e8cies del g\u00e8nere <em>Lotus<\/em>, com ara el tr\u00e8vol femella (<em>Lotus cytisoides<\/em>) i el tr\u00e8vol mascle \u00a0(<em>Lotus creticus<\/em>), creixen r\u00e0pidament formant una xarxa d\u2019arrels que ajuden a fixar el substrat. La margarita de mar (<em>Asteriscus maritimus<\/em>) \u00e9s una esp\u00e8cie excel\u00b7lent com a planta entapissant de s\u00f2ls, i pot arribar a cobrir grans superf\u00edcies en combinaci\u00f3 amb altres plantes com per exemple la camamilla (Chamaemelum nobile<span>) <\/span>una herba arom\u00e0tica amb moltes propietats medicinals.<\/p>\n<p>Si es volen fer <strong>tanques i mitjanes<\/strong> tenim una gran quantitat de plantes de port arbustiu, com per exemple, el boix (<em>Buxus sempervirens<\/em>), el garric (<em>Quercus coccifera<\/em>), el cirerer d\u2019arbo\u00e7 (<em>Arbutus unedo<\/em>) i la murtra (<em>Myrtus communis<\/em>) amb unes flors molt vistoses.<\/p>\n<p>Si el que es vol aconseguir \u00e9s fer una cortina de vegetaci\u00f3 que caigui des de la paret, el roman\u00ed penjant (<em>Rosmarinus officinalis<\/em>) o la vidiella (<em>Clematis flamula<\/em>) poden resultar \u00fatils. Les heures per a llocs ombr\u00edvols (<em>Hedera helix i H. canariensis <\/em>) i l\u2019efedra (<em>Ephedra alt\u00edssima)<\/em> i el gessam\u00ed (<em>Jasminum spp<\/em><em>.<\/em>) amb flors vistoses.<\/p>\n<p>[\/et_pb_text][\/et_pb_column][\/et_pb_row][et_pb_row _builder_version=\u00bb4.9.2&#8243; _module_preset=\u00bbdefault\u00bb width=\u00bb95%\u00bb width_tablet=\u00bb80%\u00bb width_phone=\u00bb\u00bb width_last_edited=\u00bbon|tablet\u00bb max_width=\u00bb1447px\u00bb custom_margin=\u00bb109px||109px||true|false\u00bb custom_margin_tablet=\u00bb0px||0px||true|false\u00bb custom_margin_phone=\u00bb\u00bb custom_margin_last_edited=\u00bbon|phone\u00bb locked=\u00bboff\u00bb][et_pb_column type=\u00bb4_4&#8243; _builder_version=\u00bb4.9.2&#8243; _module_preset=\u00bbdefault\u00bb][et_pb_gallery gallery_ids=\u00bb265,266,267,268&#8243; show_title_and_caption=\u00bboff\u00bb show_pagination=\u00bboff\u00bb _builder_version=\u00bb4.9.2&#8243; _module_preset=\u00bbdefault\u00bb][\/et_pb_gallery][\/et_pb_column][\/et_pb_row][et_pb_row _builder_version=\u00bb4.9.0&#8243; _module_preset=\u00bbdefault\u00bb][et_pb_column type=\u00bb4_4&#8243; _builder_version=\u00bb4.9.0&#8243; _module_preset=\u00bbdefault\u00bb][et_pb_text _builder_version=\u00bb4.9.0&#8243; _module_preset=\u00bba71a5122-3537-4d1b-aa15-649fe0057a23&#8243; text_font=\u00bbWork Sans||||||||\u00bb text_font_size=\u00bb16px\u00bb text_line_height=\u00bb1.8em\u00bb text_font_size_tablet=\u00bb15px\u00bb text_font_size_phone=\u00bb14px\u00bb text_font_size_last_edited=\u00bbon|desktop\u00bb locked=\u00bboff\u00bb]<\/p>\n<p>En els <strong>sorrals<\/strong> del jard\u00ed hem d&#8217;utilitzar plantes adaptades a colonitzar aquest tipus de substrats m\u00f2bils en qu\u00e8 l\u2019aigua es filtra r\u00e0pidament. Per tant, si el nostre jard\u00ed \u00e9s sorrenc, algunes de les esp\u00e8cies que podr\u00edem utilitzar s\u00f3n el borr\u00f3 (<em>Ammophila arenaria<\/em>), el <em>Carex extensa<\/em>, el lliri de mar (<em>Pancratium maritimum<\/em>), el passacamins mar\u00ed (<em>Polygonum maritimum<\/em>), la mansega marina (<em>Cyperus capitatus<\/em>) i el bolitx bord (<em>Anthemis maritima<\/em>). En sorrals m\u00e9s humits i amb una gran toler\u00e0ncia a la salinitat podem utilitzar esp\u00e8cies com el tamariu (<em>Tamarix <\/em>spp.) i el joncs agut (<em>Juncus acutus<\/em>) i el jonc mar\u00ed (<em>J. maritimus<\/em>).<\/p>\n<p>[\/et_pb_text][\/et_pb_column][\/et_pb_row][et_pb_row _builder_version=\u00bb4.8.1&#8243; _module_preset=\u00bbdefault\u00bb][et_pb_column type=\u00bb4_4&#8243; _builder_version=\u00bb4.8.1&#8243; _module_preset=\u00bbdefault\u00bb][et_pb_text _builder_version=\u00bb4.9.2&#8243; _module_preset=\u00bbb5629d61-8761-48a4-843a-08bad35c28b0&#8243; header_text_align=\u00bbcenter\u00bb header_font_size=\u00bb22px\u00bb header_2_font=\u00bbPoppins|700|||||||\u00bb header_2_text_color=\u00bb#000000&#8243; header_2_font_size=\u00bb21px\u00bb header_2_line_height=\u00bb1.2em\u00bb text_orientation=\u00bbcenter\u00bb header_2_font_size_tablet=\u00bb\u00bb header_2_font_size_phone=\u00bb\u00bb header_2_font_size_last_edited=\u00bbon|desktop\u00bb locked=\u00bboff\u00bb]<\/p>\n<h2>Durant la realitzaci\u00f3 del jard\u00ed, s&#8217;ha d&#8217;establir una delimitaci\u00f3 clara entre el jard\u00ed i la vegetaci\u00f3 natural que l\u2019envolta i s&#8217;han d&#8217;evitar les alteracions de l\u2019entorn (eliminaci\u00f3 de la vegetaci\u00f3 natural, moviments de terres) que afavoreixen la naturalitzaci\u00f3 d\u2019esp\u00e8cies ex\u00f2tiques. Per a m\u00e9s informaci\u00f3 pots consultar als Centres de Jardineria especialitzats en plantes aut\u00f2ctones.<\/h2>\n<p>[\/et_pb_text][et_pb_button button_text=\u00bbBrowse All\u00bb button_alignment=\u00bbright\u00bb button_alignment_tablet=\u00bbleft\u00bb button_alignment_phone=\u00bb\u00bb button_alignment_last_edited=\u00bbon|phone\u00bb _builder_version=\u00bb4.9.0&#8243; _module_preset=\u00bbdefault\u00bb custom_button=\u00bbon\u00bb button_text_size=\u00bb15px\u00bb button_text_color=\u00bb#FFFFFF\u00bb button_bg_color=\u00bbgcid-4721c02e-63da-4985-9f86-80b98bb29c52&#8243; button_border_width=\u00bb0px\u00bb button_border_radius=\u00bb8px\u00bb button_letter_spacing=\u00bb2px\u00bb button_font=\u00bb|600||on|||||\u00bb custom_margin=\u00bb||||false|false\u00bb custom_padding=\u00bb16px||16px||true|false\u00bb custom_padding_tablet=\u00bb12px|25px|12px|25px|true|true\u00bb custom_padding_phone=\u00bb12px|20px|12px|20px|true|true\u00bb custom_padding_last_edited=\u00bboff|desktop\u00bb button_text_size_tablet=\u00bb14px\u00bb button_text_size_phone=\u00bb14px\u00bb button_text_size_last_edited=\u00bbon|phone\u00bb button_bg_color_last_edited=\u00bboff|desktop\u00bb button_border_radius_tablet=\u00bb6px\u00bb button_border_radius_phone=\u00bb4px\u00bb button_border_radius_last_edited=\u00bbon|phone\u00bb global_colors_info=\u00bb{%22gcid-4721c02e-63da-4985-9f86-80b98bb29c52%22:%91%22button_bg_color%22%93,%22gcid-3bcfc9e8-40d7-422e-a60f-3fa9ff8f4895%22:%91%93}\u00bb button_bg_color__hover=\u00bb#2ad47f\u00bb button_bg_color__hover_enabled=\u00bboff|desktop\u00bb][\/et_pb_button][\/et_pb_column][\/et_pb_row][\/et_pb_section]<\/p>\n","protected":false},"excerpt":{"rendered":"<p>CONSELLS DE JARDINERIA DOM\u00c8STICALes plantes invasores s\u00f3n una gran amena\u00e7a per a la conservaci\u00f3 de la nostra biodiversitat vegetal i l&#8217;home \u00e9s el principal causant d&#8217;aquestes invasions. Per aquest motiu, l&#8217;eradicaci\u00f3 de plantes ex\u00f2tiques invasores s\u2019ha convertit en un gran repte i una prioritat pels gestors mediambientals. Tenint en compte que les mesures de control [&hellip;]<\/p>\n","protected":false},"author":1,"featured_media":0,"parent":0,"menu_order":0,"comment_status":"closed","ping_status":"closed","template":"","meta":{"_et_pb_use_builder":"on","_et_pb_old_content":"","_et_gb_content_width":"","footnotes":""},"class_list":["post-78","page","type-page","status-publish","hentry"],"_links":{"self":[{"href":"https:\/\/biosferaeduca.com\/invacat20\/wp-json\/wp\/v2\/pages\/78","targetHints":{"allow":["GET"]}}],"collection":[{"href":"https:\/\/biosferaeduca.com\/invacat20\/wp-json\/wp\/v2\/pages"}],"about":[{"href":"https:\/\/biosferaeduca.com\/invacat20\/wp-json\/wp\/v2\/types\/page"}],"author":[{"embeddable":true,"href":"https:\/\/biosferaeduca.com\/invacat20\/wp-json\/wp\/v2\/users\/1"}],"replies":[{"embeddable":true,"href":"https:\/\/biosferaeduca.com\/invacat20\/wp-json\/wp\/v2\/comments?post=78"}],"version-history":[{"count":0,"href":"https:\/\/biosferaeduca.com\/invacat20\/wp-json\/wp\/v2\/pages\/78\/revisions"}],"wp:attachment":[{"href":"https:\/\/biosferaeduca.com\/invacat20\/wp-json\/wp\/v2\/media?parent=78"}],"curies":[{"name":"wp","href":"https:\/\/api.w.org\/{rel}","templated":true}]}}